{"id":110,"date":"2023-05-24T15:28:41","date_gmt":"2023-05-24T15:28:41","guid":{"rendered":"https:\/\/www.operapragensia.cz\/?page_id=110"},"modified":"2026-01-20T16:21:51","modified_gmt":"2026-01-20T16:21:51","slug":"vznik-ceny","status":"publish","type":"page","link":"https:\/\/www.operapragensia.cz\/?page_id=110","title":{"rendered":"O Cen\u011b"},"content":{"rendered":"\n<div class=\"wp-block-columns is-layout-flex wp-container-core-columns-is-layout-9d6595d7 wp-block-columns-is-layout-flex\">\n<div class=\"wp-block-column is-layout-flow wp-block-column-is-layout-flow\" style=\"flex-basis:66.66%\">\n<p class=\"has-black-color has-text-color\">Na\u0161e v mnoha sm\u011brech unik\u00e1tn\u00ed metropole, jej\u00ed\u017e dynami\u010dnost a modernita si rozhodn\u011b nezad\u00e1 s osobitou energi\u00ed a kr\u00e1sou \u010das\u016f minul\u00fdch, pro\u0161la b\u011bhem uplynul\u00fdch t\u0159iceti let nemal\u00fdm v\u00fdvojem. Pr\u00e1v\u011b ona snaha pe\u010dovat na jedn\u00e9 stran\u011b o historickou tv\u00e1\u0159 m\u011bsta a na stran\u011b druh\u00e9 dl\u00e1\u017edit neutuchaj\u00edc\u00ed p\u00edl\u00ed cesty k jeho budoucnosti, je tv\u016fr\u010d\u00edm procesem, jeho\u017e trv\u00e1n\u00ed nebude nikdy zcela u konce. \u00dasil\u00ed o st\u00e1l\u00fd progres a zvelebov\u00e1n\u00ed podoby Prahy je prvkem, kter\u00fd tvo\u0159\u00ed mosty spolupr\u00e1ce mezi m\u011bstsk\u00fdmi \u010d\u00e1stmi, architekty, investory a v neposledn\u00ed \u0159ad\u011b i samotn\u00fdmi zhotoviteli projekt\u016f.<\/p>\n<\/div>\n\n\n\n<div class=\"wp-block-column is-layout-flow wp-block-column-is-layout-flow\" style=\"flex-basis:33.33%\">\n<figure class=\"wp-block-image size-large is-resized\"><img fetchpriority=\"high\" decoding=\"async\" width=\"1024\" height=\"680\" src=\"https:\/\/www.operapragensia.cz\/wp-content\/uploads\/2024\/08\/OPMedalB-1-1024x680.jpg\" alt=\"\" class=\"wp-image-1109\" style=\"width:362px;height:auto\" srcset=\"https:\/\/www.operapragensia.cz\/wp-content\/uploads\/2024\/08\/OPMedalB-1-1024x680.jpg 1024w, https:\/\/www.operapragensia.cz\/wp-content\/uploads\/2024\/08\/OPMedalB-1-300x199.jpg 300w, https:\/\/www.operapragensia.cz\/wp-content\/uploads\/2024\/08\/OPMedalB-1-768x510.jpg 768w, https:\/\/www.operapragensia.cz\/wp-content\/uploads\/2024\/08\/OPMedalB-1-1536x1020.jpg 1536w, https:\/\/www.operapragensia.cz\/wp-content\/uploads\/2024\/08\/OPMedalB-1-2048x1360.jpg 2048w\" sizes=\"(max-width: 1024px) 100vw, 1024px\" \/><\/figure>\n<\/div>\n<\/div>\n\n\n\n<p><\/p>\n\n\n\n<p class=\"has-black-color has-text-color\">Impulsem stoj\u00edc\u00edm u zrodu t\u00e9to ceny byla touha zasv\u011btit \u0161irokou ve\u0159ejnost do postupn\u00e9ho procesu v\u00fdvoje pra\u017esk\u00e9 architektury v kontextu existence ji\u017e samostatn\u00e9 \u010cesk\u00e9 republiky. Velmi douf\u00e1me v to, \u017ee tyto ceny maj\u00ed d\u00edky sv\u00e9mu komplexn\u00edmu pojet\u00ed ambice p\u0159edstavit celou plej\u00e1du zaj\u00edmav\u00fdch osobnost\u00ed spolu s jejich projekty, kter\u00e9 a\u0165 ji\u017e v r\u00e1mci v\u011bt\u0161\u00edch \u010di men\u0161\u00edch m\u011bstsk\u00fdch \u010d\u00e1st\u00ed napom\u00e1haj\u00ed zkvalitn\u011bn\u00ed ka\u017edodenn\u00edho \u017eivota Pra\u017ean\u016f a spolu s nimi i \u0161irok\u00e9mu spektru zahrani\u010dn\u00edch n\u00e1v\u0161t\u011bvn\u00edk\u016f z mnoha kout\u016f sv\u011bta.<\/p>\n\n\n\n<p class=\"has-black-color has-text-color\">Ceny hl. m. Prahy za architekturu a pam\u00e1tkovou p\u00e9\u010di Opera Pragensia jsou vyhla\u0161ov\u00e1ny a organizov\u00e1ny mezin\u00e1rodn\u00edm festivalem architektury a urbanismu Architecture Week Praha, hlavn\u00edm m\u011bstem Praha a jednotliv\u00fdmi m\u011bstsk\u00fdmi obvody.<\/p>\n\n\n\n<p class=\"has-black-color has-text-color\">\u010ctvrt\u00fd ro\u010dn\u00edk Cen Opera Pragensia se odehraje v \u010cesk\u00e9 n\u00e1rodn\u00ed bance. Jeho t\u00e9matem bude soci\u00e1ln\u00ed infrastruktura Prahy. Slavnostn\u00edm vyvrcholen\u00edm cel\u00e9 ud\u00e1losti nebude samoz\u0159ejm\u011b nic jin\u00e9ho ne\u017e samotn\u00e9 ud\u00edlen\u00ed cen, kter\u00e9 se symbolicky uskute\u010dn\u00ed v r\u00e1mci mezin\u00e1rodn\u00edho dne architektury. T\u00edmto ve\u010derem bude prostupovat atmosf\u00e9ra oslav architektonick\u00e9ho d\u011bdictv\u00ed, kter\u00e9 se skr\u00fdv\u00e1 v \u00fatrob\u00e1ch na\u0161\u00ed stov\u011b\u017eat\u00e9 metropole. Pr\u00e1v\u011b 22. z\u00e1\u0159\u00ed 2026 od 19:00 hodin se tedy ka\u017ed\u00fd z\u00fa\u010dastn\u011bn\u00fd m\u016f\u017ee t\u011b\u0161it na p\u0159ed\u00e1n\u00ed hned n\u011bkolika ocen\u011bn\u00ed za architekturu. Jedn\u00e1 se o Ceny Opera Pragensia ud\u011blovan\u00e9 veden\u00edm m\u011bstsk\u00fdch \u010d\u00e1st\u00ed \u010di Cenu organiz\u00e1tor\u016f Opera Pragensia ud\u011blovanou mezin\u00e1rodn\u00edm festivalem architektury a urbanismu Architecture Week Praha v sou\u010dinnosti s hlavn\u00edm m\u011bstem. V dal\u0161\u00edm sledu bude n\u00e1sledovat Zvl\u00e1\u0161tn\u00ed Cena Arcibiskupa pra\u017esk\u00e9ho a primase \u010desk\u00e9ho Opera Pragensia, kterou si v\u00fdherci p\u0159evezmou z rukou Jeho Excelence Mons. Jana Graubnera. D\u00e1le tak\u00e9 Cena Magistr\u00e1tu hlavn\u00edho m\u011bsta Prahy, Cena ve\u0159ejnosti a Cena mezin\u00e1rodn\u00ed poroty Opera Pragensia. Jako\u017eto vrchol cel\u00e9ho ve\u010dera dojde k ocen\u011bn\u00ed m\u011bsta Var\u0161avy v r\u00e1mci Ceny prim\u00e1tora hl. m. Prahy Grand Prix Opera Pragensia, o jej\u00ed\u017e p\u0159ed\u00e1n\u00ed se postar\u00e1 s\u00e1m prim\u00e1tor Bohuslav Svobody v doprovodu guvern\u00e9ra \u010cesk\u00e9 n\u00e1rodn\u00ed banky Ale\u0161e Michla.<\/p>\n\n\n\n<p class=\"has-black-color has-text-color\"><\/p>\n\n\n\n<p class=\"has-black-color has-text-color\">Ing. Petr Ivanov<br>\u010dlen p\u0159\u00edpravn\u00e9ho kolegia<\/p>\n","protected":false},"excerpt":{"rendered":"<p>Na\u0161e v mnoha sm\u011brech unik\u00e1tn\u00ed metropole, jej\u00ed\u017e dynami\u010dnost a modernita si rozhodn\u011b nezad\u00e1 s osobitou energi\u00ed a kr\u00e1sou \u010das\u016f minul\u00fdch, pro\u0161la b\u011bhem uplynul\u00fdch t\u0159iceti let nemal\u00fdm v\u00fdvojem. Pr\u00e1v\u011b ona snaha pe\u010dovat na jedn\u00e9 stran\u011b o historickou tv\u00e1\u0159 m\u011bsta a na stran\u011b druh\u00e9 dl\u00e1\u017edit neutuchaj\u00edc\u00ed p\u00edl\u00ed cesty k jeho budoucnosti, je tv\u016fr\u010d\u00edm procesem, jeho\u017e trv\u00e1n\u00ed nebude nikdy zcela u konce. \u00dasil\u00ed o st\u00e1l\u00fd progres a zvelebov\u00e1n\u00ed podoby Prahy je prvkem, kter\u00fd tvo\u0159\u00ed mosty spolupr\u00e1ce mezi m\u011bstsk\u00fdmi \u010d\u00e1stmi, architekty, investory a v neposledn\u00ed \u0159ad\u011b i samotn\u00fdmi zhotoviteli &hellip; <\/p>\n","protected":false},"author":1,"featured_media":666,"parent":0,"menu_order":0,"comment_status":"closed","ping_status":"closed","template":"","meta":{"footnotes":""},"class_list":["post-110","page","type-page","status-publish","has-post-thumbnail","hentry"],"_links":{"self":[{"href":"https:\/\/www.operapragensia.cz\/index.php?rest_route=\/wp\/v2\/pages\/110","targetHints":{"allow":["GET"]}}],"collection":[{"href":"https:\/\/www.operapragensia.cz\/index.php?rest_route=\/wp\/v2\/pages"}],"about":[{"href":"https:\/\/www.operapragensia.cz\/index.php?rest_route=\/wp\/v2\/types\/page"}],"author":[{"embeddable":true,"href":"https:\/\/www.operapragensia.cz\/index.php?rest_route=\/wp\/v2\/users\/1"}],"replies":[{"embeddable":true,"href":"https:\/\/www.operapragensia.cz\/index.php?rest_route=%2Fwp%2Fv2%2Fcomments&post=110"}],"version-history":[{"count":21,"href":"https:\/\/www.operapragensia.cz\/index.php?rest_route=\/wp\/v2\/pages\/110\/revisions"}],"predecessor-version":[{"id":3641,"href":"https:\/\/www.operapragensia.cz\/index.php?rest_route=\/wp\/v2\/pages\/110\/revisions\/3641"}],"wp:featuredmedia":[{"embeddable":true,"href":"https:\/\/www.operapragensia.cz\/index.php?rest_route=\/wp\/v2\/media\/666"}],"wp:attachment":[{"href":"https:\/\/www.operapragensia.cz\/index.php?rest_route=%2Fwp%2Fv2%2Fmedia&parent=110"}],"curies":[{"name":"wp","href":"https:\/\/api.w.org\/{rel}","templated":true}]}}